{"id":626,"date":"2022-06-24T23:31:22","date_gmt":"2022-06-24T22:31:22","guid":{"rendered":"https:\/\/lougalinette.com\/?page_id=626"},"modified":"2026-02-05T21:31:05","modified_gmt":"2026-02-05T20:31:05","slug":"alexandra-les-vins","status":"publish","type":"page","link":"https:\/\/lougalinette.com\/?page_id=626","title":{"rendered":"Les vins"},"content":{"rendered":"\n<figure class=\"wp-block-table is-style-regular has-small-font-size\"><table><tbody><tr><td><strong>VINS BIO<\/strong><\/td><td>Verre<\/td><td><\/td><\/tr><tr><td><strong><mark style=\"background-color:rgba(0, 0, 0, 0)\" class=\"has-inline-color has-vivid-red-color\">ROUGES<\/mark><\/strong><\/td><td>12 cl<\/td><td>75 cl<\/td><\/tr><tr><td>SAINT MONT AOP Nature Secr\u00e8te BIO<br>Fruits noirs et \u00e9pices douces. Bouche tendre et fruit\u00e9e.<\/td><td>5.5\u20ac<\/td><td>25\u20ac<\/td><\/tr><tr><td>SAINT NICOLAS DE BOURGUEIL AOP Les Terroirs BIO<br>Ar\u00f4mes de framboise et de violette. Bouche souple et coulante,<br> fraiche et \u00e9quilibr\u00e9e.<\/td><td>7.5\u20ac<\/td><td>36\u20ac<\/td><\/tr><tr><td>CROZES HERMITAGE AOP Les Meysonniers BIO<br>Beaucoup de gourmandise, notes florales et Fruits noirs. <br>Tr\u00e8s \u00e9l\u00e9gant.<\/td><td><\/td><td>46\u20ac<\/td><\/tr><tr><td>COTES OU RHONE AOP Jaboulet Aine Parall\u00e8le 45 BIO<br>El\u00e9gant et aromatique, fruits rouges m\u00eal\u00e9s d \u00e9pices.<\/td><td><\/td><td>39\u20ac<\/td><\/tr><tr><td>ESPAGNE MANCHA Encierro BIO<br>Ar\u00f4mes de fruits rouges, <br>de m\u00fbres avec une pointe florale.<\/td><td><\/td><td>23\u20ac<\/td><\/tr><tr><td>ARGENTINE aLTI yARI <br>Charnu et gourmand. Belle g\u00e9n\u00e9rosit\u00e9 et <br>gourmandise de fruits rouges frais.<\/td><td><\/td><td>29\u20ac<\/td><\/tr><tr><td><strong><mark style=\"background-color:rgba(0, 0, 0, 0)\" class=\"has-inline-color has-vivid-red-color\">BLANC<\/mark><\/strong><\/td><td><\/td><td><\/td><\/tr><tr><td>PAYS D OC IGP Chardonnay \u00a0\u00bb Les Amandiers\u00a0\u00bb<br>Agrumes, poire et fruits exotiques. <br>Pointe florale et belle rondeur.<\/td><td>5\u20ac<\/td><td>24\u20ac<\/td><\/tr><tr><td><strong><mark style=\"background-color:rgba(0, 0, 0, 0)\" class=\"has-inline-color has-vivid-red-color\">ROSE<\/mark><\/strong><\/td><td><\/td><td><\/td><\/tr><tr><td>COTES CATALANES IGP hAUTE COUTURE<br>Petits fruits rouges, groseilles et framboises. <br>Tr\u00e8s rond et frais.<\/td><td>6\u20ac<\/td><td>27\u20ac<\/td><\/tr><tr><td><strong><mark style=\"background-color:rgba(0, 0, 0, 0)\" class=\"has-inline-color has-vivid-red-color\">ROUGES<\/mark><\/strong><\/td><td>Verre<\/td><td>75 cl<\/td><\/tr><tr><td><strong>SUD OUEST<\/strong><\/td><td><\/td><td><\/td><\/tr><tr><td>MADIRAN AOP Peyros Marie Blanque<\/td><td>6.5\u20ac<\/td><td>30\u20ac<\/td><\/tr><tr><td>LANGUEDOC ST CHINIAN AOP Domaine Cros Pujol<\/td><td><\/td><td>29\u20ac<\/td><\/tr><tr><td>BORDEAUX<\/td><td><\/td><td><\/td><\/tr><tr><td>HAUT MEDOC  Ch\u00e2teau SORBEY <\/td><td>6\u20ac<\/td><td>27\u20ac<\/td><\/tr><tr><td>HAUT MEDOC AOP Ch\u00e2teau Haut Madrac<\/td><td><\/td><td>45\u20ac<\/td><\/tr><tr><td>PESSAC LEOGNAN AOP R\u00e9serve de Picque Caillou<\/td><td><\/td><td>50\u20ac<\/td><\/tr><tr><td>POMEROL AOP Chemins de la Croix du Casse<\/td><td><\/td><td>69\u20ac<\/td><\/tr><tr><td>GRAVES AOP Ch\u00e2teau Lugey<\/td><td>8\u20ac<\/td><td>40\u20ac<\/td><\/tr><tr><td>SAINT EMILION GRAND CRU AOP <br>Ch\u00e2teau Clos d Hortense<\/td><td><\/td><td>53\u20ac<\/td><\/tr><tr><td><strong>BOURGOGNE<\/strong><\/td><td><\/td><td><\/td><\/tr><tr><td>HAUTES COTES DE BEAUNE AOP Jaffelin<\/td><td><\/td><td>49\u20ac<\/td><\/tr><tr><td><\/td><td><\/td><td><\/td><\/tr><tr><td><strong>BEAUJOLAIS<\/strong><\/td><td><\/td><td><\/td><\/tr><tr><td>BROUILLY AOP Domaine de la Tour de Saint Loger<\/td><td><\/td><td>39\u20ac<\/td><\/tr><tr><td><strong>RHONE<\/strong><\/td><td><\/td><td><\/td><\/tr><tr><td>COTE ROTIE AOP Guigol<\/td><td><\/td><td>125\u20ac<\/td><\/tr><tr><td>SAINT JOSEPH AOP Deschants Chopoutier<\/td><td><\/td><td>49\u20ac<\/td><\/tr><tr><td><strong>ALSACE<\/strong><\/td><td><\/td><td><\/td><\/tr><tr><td>ALSACE AOP Pinot Noir<\/td><td><\/td><td>29\u20ac<\/td><\/tr><tr><td><strong>ESPAGNE<\/strong><\/td><td><\/td><td><\/td><\/tr><tr><td>RIOJA Vina Bambin<\/td><td><\/td><td>27\u20ac<\/td><\/tr><tr><td><strong>Magnums<\/strong><\/td><td><\/td><td><\/td><\/tr><tr><td>Ros\u00e9 France Villa La Vie en Rose<\/td><td><\/td><td>29\u20ac<\/td><\/tr><tr><td><strong><mark style=\"background-color:rgba(0, 0, 0, 0)\" class=\"has-inline-color has-vivid-red-color\">Rouges<\/mark><\/strong><\/td><td><\/td><td><\/td><\/tr><tr><td>PESSAC LEOGNAN AOP R\u00e9serve de Picque Caillou<\/td><td><\/td><td>50\u20ac<\/td><\/tr><tr><td>PIC SAIT LOUP AOP Bergerie de I Hortus<\/td><td><\/td><td>42\u20ac<\/td><\/tr><tr><td><strong><mark style=\"background-color:rgba(0, 0, 0, 0)\" class=\"has-inline-color has-vivid-red-color\">BLANCS SECS <\/mark><\/strong><\/td><td>Verre<\/td><td>75 cl<\/td><\/tr><tr><td><strong>SUD OUEST<\/strong><\/td><td><\/td><td><\/td><\/tr><tr><td>GASCOGNE IGP Gros Manseng Sauvignon<\/td><td><\/td><td>20\u20ac<\/td><\/tr><tr><td>JURANCON AOPCuv\u00e9e Cheval<\/td><td>6\u20ac<\/td><td>25\u20ac<\/td><\/tr><tr><td><strong>LOIRE<\/strong><\/td><td><\/td><td><\/td><\/tr><tr><td>SANCERRE AOP Num\u00e9ro 7<\/td><td><\/td><td>49\u20ac<\/td><\/tr><tr><td><strong>BOURGOGNE<\/strong><\/td><td><\/td><td><\/td><\/tr><tr><td>CHABLIS AOP Domaine Vauroux<\/td><td><\/td><td>55\u20ac<\/td><\/tr><tr><td>POUILLY FUME AOP La Biblioth\u00e8que<\/td><td><\/td><td>50\u20ac<\/td><\/tr><tr><td><strong>ALSACE <\/strong><\/td><td><\/td><td><\/td><\/tr><tr><td>RIESLING AOP Klipfel<\/td><td><\/td><td>25\u20ac<\/td><\/tr><tr><td>ALSACE AOP Pinot Gris<\/td><td><\/td><td>29\u20ac<\/td><\/tr><tr><td><strong><mark style=\"background-color:rgba(0, 0, 0, 0)\" class=\"has-inline-color has-vivid-red-color\">BLANC DOUX<\/mark><\/strong><\/td><td>Verre<\/td><td>75 cl<\/td><\/tr><tr><td><strong>SUD OUEST<\/strong><\/td><td><\/td><td><\/td><\/tr><tr><td>Pellehaut L&rsquo;\u00e9t\u00e9 Gascon<\/td><td>6.5\u20ac<\/td><td>27\u20ac<\/td><\/tr><tr><td><strong>ALSACE<\/strong><\/td><td><\/td><td><\/td><\/tr><tr><td>GEWURZTRAMINER AOP Klipfel <br>Vendanges Tardives<\/td><td><\/td><td>60\u20ac<\/td><\/tr><tr><td><strong><mark style=\"background-color:rgba(0, 0, 0, 0)\" class=\"has-inline-color has-vivid-red-color\">ROSES<\/mark><\/strong><\/td><td><\/td><td><\/td><\/tr><tr><td><strong>SUD OUEST<\/strong><\/td><td><\/td><td><\/td><\/tr><tr><td>Languedoc AOP Domaine de l&rsquo;Argenteille OSTREA<\/td><td>5.5\u20ac<\/td><td>25\u20ac<\/td><\/tr><tr><td>GASCOGNE Pellehaut \u00e9t\u00e9 Gascon<\/td><td>5\u20ac<\/td><td>24\u20ac<\/td><\/tr><tr><td><strong>CORSE<\/strong><\/td><td><\/td><td><\/td><\/tr><tr><td>CORSE IGP San Pieru<\/td><td><\/td><td>20\u20ac<\/td><\/tr><tr><td><strong>PROVENCE<\/strong><\/td><td><\/td><td><\/td><\/tr><tr><td>PROVENCE AOP Rimauresq<\/td><td><\/td><td>39\u20ac<\/td><\/tr><tr><td><\/td><td><\/td><td><\/td><\/tr><\/tbody><\/table><\/figure>\n\n\n\n<div class=\"wp-block-columns is-layout-flex wp-container-core-columns-is-layout-28f84493 wp-block-columns-is-layout-flex\">\n<div class=\"wp-block-column is-layout-flow wp-block-column-is-layout-flow\">\n<p style=\"text-align: center;\"><a href=\"https:\/\/lougalinette.com\/?page_id=118\">La carte\u00a0<\/a><\/p>\n<p style=\"text-align: center;\"><a href=\"https:\/\/lougalinette.com\/?page_id=714\">La carte des boissons<\/a><\/p>\n<\/div>\n<\/div>\n","protected":false},"excerpt":{"rendered":"<p>La carte\u00a0 La carte des boissons<\/p>\n","protected":false},"author":1,"featured_media":0,"parent":0,"menu_order":0,"comment_status":"closed","ping_status":"closed","template":"","meta":{"_uag_custom_page_level_css":"","site-sidebar-layout":"default","site-content-layout":"","ast-site-content-layout":"default","site-content-style":"default","site-sidebar-style":"default","ast-global-header-display":"","ast-banner-title-visibility":"","ast-main-header-display":"","ast-hfb-above-header-display":"","ast-hfb-below-header-display":"","ast-hfb-mobile-header-display":"","site-post-title":"","ast-breadcrumbs-content":"","ast-featured-img":"","footer-sml-layout":"","ast-disable-related-posts":"","theme-transparent-header-meta":"","adv-header-id-meta":"","stick-header-meta":"","header-above-stick-meta":"","header-main-stick-meta":"","header-below-stick-meta":"","astra-migrate-meta-layouts":"default","ast-page-background-enabled":"default","ast-page-background-meta":{"desktop":{"background-color":"var(--ast-global-color-5)","background-image":"","background-repeat":"repeat","background-position":"center center","background-size":"auto","background-attachment":"scroll","background-type":"","background-media":"","overlay-type":"","overlay-color":"","overlay-opacity":"","overlay-gradient":""},"tablet":{"background-color":"","background-image":"","background-repeat":"repeat","background-position":"center center","background-size":"auto","background-attachment":"scroll","background-type":"","background-media":"","overlay-type":"","overlay-color":"","overlay-opacity":"","overlay-gradient":""},"mobile":{"background-color":"","background-image":"","background-repeat":"repeat","background-position":"center center","background-size":"auto","background-attachment":"scroll","background-type":"","background-media":"","overlay-type":"","overlay-color":"","overlay-opacity":"","overlay-gradient":""}},"ast-content-background-meta":{"desktop":{"background-color":"var(--ast-global-color-4)","background-image":"","background-repeat":"repeat","background-position":"center center","background-size":"auto","background-attachment":"scroll","background-type":"","background-media":"","overlay-type":"","overlay-color":"","overlay-opacity":"","overlay-gradient":""},"tablet":{"background-color":"var(--ast-global-color-4)","background-image":"","background-repeat":"repeat","background-position":"center center","background-size":"auto","background-attachment":"scroll","background-type":"","background-media":"","overlay-type":"","overlay-color":"","overlay-opacity":"","overlay-gradient":""},"mobile":{"background-color":"var(--ast-global-color-4)","background-image":"","background-repeat":"repeat","background-position":"center center","background-size":"auto","background-attachment":"scroll","background-type":"","background-media":"","overlay-type":"","overlay-color":"","overlay-opacity":"","overlay-gradient":""}},"footnotes":""},"class_list":["post-626","page","type-page","status-publish","hentry"],"yoast_head":"<!-- This site is optimized with the Yoast SEO plugin v27.4 - https:\/\/yoast.com\/product\/yoast-seo-wordpress\/ -->\n<title>Les vins - Alexandra By Le bon sens<\/title>\n<meta name=\"robots\" content=\"index, follow, max-snippet:-1, max-image-preview:large, max-video-preview:-1\" \/>\n<link rel=\"canonical\" href=\"https:\/\/lougalinette.com\/?page_id=626\" \/>\n<meta property=\"og:locale\" content=\"fr_FR\" \/>\n<meta property=\"og:type\" content=\"article\" \/>\n<meta property=\"og:title\" content=\"Les vins - Alexandra By Le bon sens\" \/>\n<meta property=\"og:description\" content=\"La carte\u00a0 La carte des boissons\" \/>\n<meta property=\"og:url\" content=\"https:\/\/lougalinette.com\/?page_id=626\" \/>\n<meta property=\"og:site_name\" content=\"Alexandra By Le bon sens\" \/>\n<meta property=\"article:modified_time\" content=\"2026-02-05T20:31:05+00:00\" \/>\n<meta property=\"og:image\" content=\"https:\/\/lougalinette.com\/wp-content\/uploads\/2022\/05\/272855639_237343998585427_9110386260241478182_n.jpg\" \/>\n\t<meta property=\"og:image:width\" content=\"720\" \/>\n\t<meta property=\"og:image:height\" content=\"960\" \/>\n\t<meta property=\"og:image:type\" content=\"image\/jpeg\" \/>\n<meta name=\"twitter:label1\" content=\"Dur\u00e9e de lecture estim\u00e9e\" \/>\n\t<meta name=\"twitter:data1\" content=\"1 minute\" \/>\n<script type=\"application\/ld+json\" class=\"yoast-schema-graph\">{\"@context\":\"https:\\\/\\\/schema.org\",\"@graph\":[{\"@type\":\"WebPage\",\"@id\":\"https:\\\/\\\/lougalinette.com\\\/?page_id=626\",\"url\":\"https:\\\/\\\/lougalinette.com\\\/?page_id=626\",\"name\":\"Les vins - Alexandra By Le bon sens\",\"isPartOf\":{\"@id\":\"https:\\\/\\\/lougalinette.com\\\/#website\"},\"datePublished\":\"2022-06-24T22:31:22+00:00\",\"dateModified\":\"2026-02-05T20:31:05+00:00\",\"inLanguage\":\"fr-FR\",\"potentialAction\":[{\"@type\":\"ReadAction\",\"target\":[\"https:\\\/\\\/lougalinette.com\\\/?page_id=626\"]}]},{\"@type\":\"WebSite\",\"@id\":\"https:\\\/\\\/lougalinette.com\\\/#website\",\"url\":\"https:\\\/\\\/lougalinette.com\\\/\",\"name\":\"Alexandra By Le bon sens\",\"description\":\"Alexandra By Le bon sens\",\"potentialAction\":[{\"@type\":\"SearchAction\",\"target\":{\"@type\":\"EntryPoint\",\"urlTemplate\":\"https:\\\/\\\/lougalinette.com\\\/?s={search_term_string}\"},\"query-input\":{\"@type\":\"PropertyValueSpecification\",\"valueRequired\":true,\"valueName\":\"search_term_string\"}}],\"inLanguage\":\"fr-FR\"}]}<\/script>\n<!-- \/ Yoast SEO plugin. -->","yoast_head_json":{"title":"Les vins - Alexandra By Le bon sens","robots":{"index":"index","follow":"follow","max-snippet":"max-snippet:-1","max-image-preview":"max-image-preview:large","max-video-preview":"max-video-preview:-1"},"canonical":"https:\/\/lougalinette.com\/?page_id=626","og_locale":"fr_FR","og_type":"article","og_title":"Les vins - Alexandra By Le bon sens","og_description":"La carte\u00a0 La carte des boissons","og_url":"https:\/\/lougalinette.com\/?page_id=626","og_site_name":"Alexandra By Le bon sens","article_modified_time":"2026-02-05T20:31:05+00:00","og_image":[{"width":720,"height":960,"url":"https:\/\/lougalinette.com\/wp-content\/uploads\/2022\/05\/272855639_237343998585427_9110386260241478182_n.jpg","type":"image\/jpeg"}],"twitter_misc":{"Dur\u00e9e de lecture estim\u00e9e":"1 minute"},"schema":{"@context":"https:\/\/schema.org","@graph":[{"@type":"WebPage","@id":"https:\/\/lougalinette.com\/?page_id=626","url":"https:\/\/lougalinette.com\/?page_id=626","name":"Les vins - Alexandra By Le bon sens","isPartOf":{"@id":"https:\/\/lougalinette.com\/#website"},"datePublished":"2022-06-24T22:31:22+00:00","dateModified":"2026-02-05T20:31:05+00:00","inLanguage":"fr-FR","potentialAction":[{"@type":"ReadAction","target":["https:\/\/lougalinette.com\/?page_id=626"]}]},{"@type":"WebSite","@id":"https:\/\/lougalinette.com\/#website","url":"https:\/\/lougalinette.com\/","name":"Alexandra By Le bon sens","description":"Alexandra By Le bon sens","potentialAction":[{"@type":"SearchAction","target":{"@type":"EntryPoint","urlTemplate":"https:\/\/lougalinette.com\/?s={search_term_string}"},"query-input":{"@type":"PropertyValueSpecification","valueRequired":true,"valueName":"search_term_string"}}],"inLanguage":"fr-FR"}]}},"uagb_featured_image_src":{"full":false,"thumbnail":false,"medium":false,"medium_large":false,"large":false,"1536x1536":false,"2048x2048":false},"uagb_author_info":{"display_name":"admin","author_link":"https:\/\/lougalinette.com\/?author=1"},"uagb_comment_info":0,"uagb_excerpt":"La carte\u00a0 La carte des boissons","_links":{"self":[{"href":"https:\/\/lougalinette.com\/index.php?rest_route=\/wp\/v2\/pages\/626","targetHints":{"allow":["GET"]}}],"collection":[{"href":"https:\/\/lougalinette.com\/index.php?rest_route=\/wp\/v2\/pages"}],"about":[{"href":"https:\/\/lougalinette.com\/index.php?rest_route=\/wp\/v2\/types\/page"}],"author":[{"embeddable":true,"href":"https:\/\/lougalinette.com\/index.php?rest_route=\/wp\/v2\/users\/1"}],"replies":[{"embeddable":true,"href":"https:\/\/lougalinette.com\/index.php?rest_route=%2Fwp%2Fv2%2Fcomments&post=626"}],"version-history":[{"count":4,"href":"https:\/\/lougalinette.com\/index.php?rest_route=\/wp\/v2\/pages\/626\/revisions"}],"predecessor-version":[{"id":1363,"href":"https:\/\/lougalinette.com\/index.php?rest_route=\/wp\/v2\/pages\/626\/revisions\/1363"}],"wp:attachment":[{"href":"https:\/\/lougalinette.com\/index.php?rest_route=%2Fwp%2Fv2%2Fmedia&parent=626"}],"curies":[{"name":"wp","href":"https:\/\/api.w.org\/{rel}","templated":true}]}}